{"id":2,"date":"2016-07-06T13:22:05","date_gmt":"2016-07-06T13:22:05","guid":{"rendered":"http:\/\/crawl.bnl.lu\/?page_id=2"},"modified":"2020-04-15T07:38:49","modified_gmt":"2020-04-15T07:38:49","slug":"sample-page","status":"publish","type":"page","link":"https:\/\/crawl.bnl.lu\/fr\/","title":{"rendered":"Information for webmasters"},"content":{"rendered":"<p><strong>Informations pour les webmasters<\/strong><\/p>\n<p>La Biblioth\u00e8que nationale du Luxembourg collecte les sites web automatiquement, conform\u00e9ment \u00e0 la la loi du 25 juin 2004 portant r\u00e9organisation des instituts culturels de l\u2019Etat et au R\u00e8glement grand-ducal du 6 novembre 2009 relatif au d\u00e9p\u00f4t l\u00e9gal. Les publications sans support mat\u00e9riel, mises \u00e0 disposition du public \u00e0 travers un r\u00e9seau \u00e9lectronique, notamment les sites et contenus Internet sont ainsi soumis au d\u00e9p\u00f4t l\u00e9gal.<\/p>\n<p>Cette capture de sites Internet permet l&#8217;enrichissement des collections patrimoniales luxembourgeoises qui gardent ainsi une trace de la production documentaire digitale afin de pouvoir la pr\u00e9server pour les g\u00e9n\u00e9rations futures.<\/p>\n<p><strong>M\u00e9thode de collecte<\/strong><\/p>\n<p>Les sites sont collect\u00e9s \u00e0 l&#8217;aide du robot de moissonage <a href=\"https:\/\/webarchive.jira.com\/wiki\/display\/Heritrix\">Heritrix<\/a>. Ce robot n&#8217;interpr\u00e8te pas Javascript compl\u00e8tement et ainsi il est possible qu&#8217;il g\u00e9n\u00e8re des URLs incorrectes. Ceci n&#8217;est bien s\u00fbr pas voulu par la BnL mais malheureusement ne peut \u00eatre \u00e9vit\u00e9 \u00e0 ce stade de l&#8217;\u00e9volution technique.<\/p>\n<p><strong>robots.txt<\/strong><\/p>\n<p>Le robot de la BnL respecte le fichier robots.txt avec des exceptions. Tout fichier n\u00e9cessaire au rendu d&#8217;une page (p.ex. css, images) est tout de m\u00eame t\u00e9l\u00e9charg\u00e9, m\u00eame s&#8217;il est dans la liste d&#8217;exclusion. En plus chaque page de d\u00e9part de site est aussi t\u00e9l\u00e9charg\u00e9e. Conform\u00e9ment aux dispositions du r\u00e8glement grand-ducal du 6 novembre 2009 relatif au d\u00e9p\u00f4t l\u00e9gal, la BnL se r\u00e9serve le droit de modifier cette politique dans le futur.<\/p>\n<p><strong>Contact<\/strong><\/p>\n<p>Si notre robot a un impact n\u00e9gatif sur les performances de votre site, contactez-nous sous:<img loading=\"lazy\" decoding=\"async\" class=\"alignnone size-full wp-image-12\" src=\"https:\/\/crawl.bnl.lu\/wp-content\/uploads\/2016\/07\/web.png\" alt=\"image\" width=\"195\" height=\"23\">. Nous essayerons d&#8217;y rem\u00e9dier aussi rapidement que possible.<\/p>\n<p><strong><a href=\"https:\/\/www.webarchive.lu\/\">Webarchive.lu<\/a><br \/>\n<\/strong>Rendez-vous sur le site web du Luxembourg Web Archive pour toute information suppl\u00e9mentaire concernant nos activit\u00e9s et collections.<\/p>\n","protected":false},"excerpt":{"rendered":"<p>Informations pour les webmasters La Biblioth\u00e8que nationale du Luxembourg collecte les sites web automatiquement, conform\u00e9ment \u00e0 la la loi du 25 juin 2004 portant r\u00e9organisation&#8230;<a class=\"more\" href=\"https:\/\/crawl.bnl.lu\/fr\/\">Read More<\/a><\/p>\n","protected":false},"author":1,"featured_media":0,"parent":0,"menu_order":0,"comment_status":"closed","ping_status":"open","template":"","meta":{"footnotes":""},"class_list":["post-2","page","type-page","status-publish","hentry"],"translation":{"provider":"WPGlobus","version":"2.10.7","language":"fr","enabled_languages":["en","fr"],"languages":{"en":{"title":true,"content":true,"excerpt":false},"fr":{"title":true,"content":true,"excerpt":false}}},"_links":{"self":[{"href":"https:\/\/crawl.bnl.lu\/fr\/wp-json\/wp\/v2\/pages\/2","targetHints":{"allow":["GET"]}}],"collection":[{"href":"https:\/\/crawl.bnl.lu\/fr\/wp-json\/wp\/v2\/pages"}],"about":[{"href":"https:\/\/crawl.bnl.lu\/fr\/wp-json\/wp\/v2\/types\/page"}],"author":[{"embeddable":true,"href":"https:\/\/crawl.bnl.lu\/fr\/wp-json\/wp\/v2\/users\/1"}],"replies":[{"embeddable":true,"href":"https:\/\/crawl.bnl.lu\/fr\/wp-json\/wp\/v2\/comments?post=2"}],"version-history":[{"count":5,"href":"https:\/\/crawl.bnl.lu\/fr\/wp-json\/wp\/v2\/pages\/2\/revisions"}],"predecessor-version":[{"id":55,"href":"https:\/\/crawl.bnl.lu\/fr\/wp-json\/wp\/v2\/pages\/2\/revisions\/55"}],"wp:attachment":[{"href":"https:\/\/crawl.bnl.lu\/fr\/wp-json\/wp\/v2\/media?parent=2"}],"curies":[{"name":"wp","href":"https:\/\/api.w.org\/{rel}","templated":true}]}}